{"id":140,"date":"2018-01-19T14:28:13","date_gmt":"2018-01-19T19:28:13","guid":{"rendered":"http:\/\/blogs.shu.edu\/dulce\/?page_id=140"},"modified":"2020-03-19T21:36:57","modified_gmt":"2020-03-20T01:36:57","slug":"campus-liaisons","status":"publish","type":"page","link":"https:\/\/blogs.shu.edu\/dulce\/campus-liaisons\/","title":{"rendered":"Student Ambassador Resource"},"content":{"rendered":"<p>The Student Ambassador Resource is an initiative to foster increased connectivity, collaboration, and mentorship between diplomacy students, prospective students, and student ambassadors. Diplomacy Students are encouraged to use this resource to connect with the ambassadors who share their interests and career goals in order to learn more about their experiences. This collaboration encourages a welcoming culture at the School of Diplomacy that promotes success both inside and outside the classroom as well as fosters a sense of community not only between current students but the students of the future.<\/p>\n<p><strong>Junior Ambassadors<\/p>\n<p><\/strong><\/p>\n<p><span style=\"font-weight: 400\"><strong>Full Name<\/strong>: Alyssa Futa<\/span><\/p>\n<p><span style=\"font-weight: 400\"><strong>Year<\/strong>: Junior<br \/>\n<\/span><span style=\"font-weight: 400\"><strong>Majors<\/strong>: Diplomacy and International Relations; Modern Languages<br \/>\n<\/span><span style=\"font-weight: 400\"><strong>Clubs\/Orgs<\/strong>: Zeta Tau Alpha (President), The Diplomatic Envoy (Communications Liaison), the Student Government Association (SGA) (Diplomacy Senator and Senate Speaker), the Women in Diplomacy Leadership Program (Co-VP of Campus Relations), The Inclusion Alliance (Peer Educator), KNOW MORE (Peer Educator)<br \/>\n<\/span><span style=\"font-weight: 400\"><strong>Internships<\/strong>: The City and County of Honolulu Prosecutor\u2019s Office (Summer 2018), Congresswoman Tulsi Gabbard (Summer 2019), NJ Coalition Against Human Trafficking (Winter 2019)<br \/>\n<\/span><span style=\"font-weight: 400\"><strong>Home State \/ Country<\/strong>: Out-of-State Student (Hawaii)<br \/>\n<\/span><span style=\"font-weight: 400\"><strong>Other Information<\/strong>: Blue Crew Tour Guide<\/span><\/p>\n<p>&nbsp;<\/p>\n<p><span style=\"font-weight: 400\"><strong>Full Name<\/strong>: Ver\u00f3nica Milagros Huam\u00e1n Rodr\u00edguez<\/span><\/p>\n<p><span style=\"font-weight: 400\"><strong>Year<\/strong>: Junior<br \/>\n<strong>Majors<\/strong><\/span><span style=\"font-weight: 400\">: Diplomacy and International Relations; Economics<br \/>\n<strong>Minors<\/strong><\/span><span style=\"font-weight: 400\">: Modern Languages (French)<br \/>\n<\/span><span style=\"font-weight: 400\"><strong>Clubs\/Orgs<\/strong>: Adelante: Latino\/a Student Organization (E-Board), Alpha Gamma Delta (Member)<br \/>\n<\/span><span style=\"font-weight: 400\"><strong>Internships<\/strong>: Otra Cosa Network (British-Peruvian NGO, Summer 2019)<br \/>\n<strong>Home State \/ Country<\/strong><\/span><span style=\"font-weight: 400\">: International Student (Peru)<\/span><\/p>\n<p>&nbsp;<\/p>\n<p><span style=\"font-weight: 400\"><strong>Full Name<\/strong>: Alyssa Tolentino<\/span><\/p>\n<p><span style=\"font-weight: 400\"><strong>Year<\/strong>: Junior<br \/>\n<\/span><span style=\"font-weight: 400\"><strong>Majors<\/strong>: Diplomacy and International Relations, Modern Languages<br \/>\n<strong>Minors<\/strong><\/span><span style=\"font-weight: 400\">: Economics<br \/>\n<strong>Clubs\/Orgs<\/strong><\/span><span style=\"font-weight: 400\">: Undergraduate Diplomacy Students Association (VP of Programming), Women in Diplomacy Leadership Program, the Diplomatic Envoy, Alpha Gamma Delta, Third Rail-SHU (Treasurer), Blue Crew<br \/>\n<strong>Study Abroad Programs<\/strong><\/span><span style=\"font-weight: 400\">: China (Summer 2019), France (Spring 2020)<br \/>\n<strong>Internships<\/strong>:<\/span><span style=\"font-weight: 400\">\u00a0Philippines Department of Justice (Summer 2018), the Synergos Institute (Fall 2019)<br \/>\n<strong>Home State \/ Country<\/strong><\/span><span style=\"font-weight: 400\">: Woodbridge, New Jersey<br \/>\n<strong>Other Information<\/strong><\/span><span style=\"font-weight: 400\">: Honors Program; Commuter Student; Interested in Law School<\/span><\/p>\n<p>&nbsp;<\/p>\n<p><span style=\"font-weight: 400\"><strong>Full Name<\/strong>: Francesca P. Clever<\/span><\/p>\n<p><span style=\"font-weight: 400\"><strong>Year<\/strong>: Junior<br \/>\n<\/span><span style=\"font-weight: 400\"><strong>Majors<\/strong>: Diplomacy and International Relations<br \/>\n<strong>Minors<\/strong><\/span><span style=\"font-weight: 400\">: Sociology; Psychology<br \/>\n<strong>Clubs\/Orgs<\/strong><\/span><span style=\"font-weight: 400\">: Student Alumni Association, Alpha Sigma Tau, Diplomacy Student Ambassador<br \/>\n<\/span><span style=\"font-weight: 400\"><strong>Internships<\/strong>: Dale Carnegie Intern (5\/20\/2019 &#8211; 12\/13\/2019)<br \/>\n<strong>Home State \/ Country<\/strong><\/span><span style=\"font-weight: 400\">: Princeton, New Jersey<br \/>\n<strong>Other Information<\/strong><\/span><span style=\"font-weight: 400\">: Certified Lifeguard\/CPR\/AED; Speaks 5 Languages<\/span><\/p>\n<p>&nbsp;<\/p>\n<p><strong>Sophomore Ambassadors<\/strong><\/p>\n<p>&nbsp;<\/p>\n<p><span style=\"font-weight: 400\"><strong>Full Name<\/strong>: Sara Vasquez<\/span><\/p>\n<p><span style=\"font-weight: 400\"><strong>Year<\/strong>: Sophomore<br \/>\n<strong>Majors<\/strong><\/span><span style=\"font-weight: 400\">: Diplomacy and International Relations (3+3 B.S.\/J.D.)<br \/>\n<strong>Minors<\/strong><\/span><span style=\"font-weight: 400\">: Arabic<br \/>\n<strong>Clubs\/Orgs<\/strong><\/span><span style=\"font-weight: 400\">: Honors Program Student Advisory Board, Peer to Peer Inclusion Alliance Member, SHU<\/span> <span style=\"font-weight: 400\">Multicultural Advisory Committee Executive Board, SHU Student Government Association Presidential Advisory Board, SHU Women of Diplomacy Leadership Program Co-Vice President of Finance<br \/>\n<strong>Internships<\/strong><\/span><span style=\"font-weight: 400\">: American Red Cross<br \/>\n<strong>Home State \/ Country<\/strong><\/span><span style=\"font-weight: 400\">: Newark, New Jersey<br \/>\n<strong>Other Information<\/strong><\/span><span style=\"font-weight: 400\">: Commuter Student<\/span><\/p>\n<p>&nbsp;<\/p>\n<p><span style=\"font-weight: 400\"><strong>Full Name<\/strong>: Laura Rogers<\/span><\/p>\n<p><span style=\"font-weight: 400\"><strong>Year<\/strong>: Sophomore<br \/>\n<strong>Majors<\/strong><\/span><span style=\"font-weight: 400\">: Diplomacy and International Relations; Economics<br \/>\n<strong>Minors<\/strong><\/span><span style=\"font-weight: 400\">: Data Visualization and Analysis; German; Chinese (Mandarin)<br \/>\n<\/span><span style=\"font-weight: 400\"><strong>Clubs\/Orgs<\/strong>: German Club (President)<br \/>\n<strong>Study Abroad Programs<\/strong><\/span><span style=\"font-weight: 400\">: China (Summer 2019)<br \/>\n<\/span><span style=\"font-weight: 400\"><strong>Internships<\/strong>: The Borgen Project (Summer 2019)<br \/>\n<strong>Home State \/ Country<\/strong><\/span><span style=\"font-weight: 400\">: Out-of-State Student and International Student (California \/ Nicaragua)<\/span><\/p>\n<p><span style=\"font-weight: 400\">\u00a0\u00a0<\/span><\/p>\n<p><span style=\"font-weight: 400\"><strong>Full Name<\/strong>: Jarrett Dang<\/span><\/p>\n<p><span style=\"font-weight: 400\"><strong>Year<\/strong>: Sophomore<br \/>\n<\/span><span style=\"font-weight: 400\"><strong>Majors<\/strong>: Diplomacy and International Relations; Economics<br \/>\n<strong>Minors<\/strong><\/span><span style=\"font-weight: 400\">: French<br \/>\n<strong>Clubs\/Orgs<\/strong><\/span><span style=\"font-weight: 400\">: SHUNA, SHUMUN, The Diplomatic Envoy \u2013 Associate Editor, The Global Current \u2013 News Specialist, Federal Reserve Challenge Team, Inclusion Alliance, Buccino Leadership Institute \u2013 Diplomacy Cohort<br \/>\n<strong>Study Abroad Programs<\/strong><\/span><span style=\"font-weight: 400\">: Ethiopia Spring Break 2019<br \/>\n<\/span><span style=\"font-weight: 400\"><strong>Internships<\/strong>: American Red Cross (Summer 2019), U.S. Department of State \u2013 U.S. Mission to the United Nations \u2013 Press Office (Spring 2020)<br \/>\n<strong>Home State \/ Country<\/strong><\/span><span style=\"font-weight: 400\">: Out-of-State Student (California)<\/span><\/p>\n<p><span style=\"font-weight: 400\">\u00a0<\/span><\/p>\n<p><span style=\"font-weight: 400\"><strong>Full Name<\/strong>: Akaysha Palmer<\/span><\/p>\n<p><span style=\"font-weight: 400\"><strong>Year<\/strong>: Sophomore<strong><br \/>\nMajors<\/strong><\/span><span style=\"font-weight: 400\">: Diplomacy and International Relations<br \/>\n<strong>Minors<\/strong><\/span><span style=\"font-weight: 400\">: Spanish; Political Science<br \/>\n<strong>Clubs\/Orgs<\/strong><\/span><span style=\"font-weight: 400\">: Martin Luther King Jr. Leadership Program, Inclusion Alliance, Black Student Union, African Student Association, Women in Diplomacy Leadership Program<br \/>\n<strong>Study Abroad Programs<\/strong><\/span><span style=\"font-weight: 400\">: Ethiopia Spring Break 2020<br \/>\n<strong>Internships<\/strong><\/span><span style=\"font-weight: 400\">: World Wide Orphans (Spring 2019), NYC Office of the Mayor (Community Affairs Unit, Mayor\u2019s Office for People with Disabilities)<br \/>\n<strong>Home State \/ Country<\/strong><\/span><span style=\"font-weight: 400\">: Out-of-State Student (The Bronx, New York)<\/span><\/p>\n<p>&nbsp;<\/p>\n<p><span style=\"font-weight: 400\"><strong>Full Name<\/strong>: Sarah Czochanski<\/span><\/p>\n<p><span style=\"font-weight: 400\"><strong>Year<\/strong>: Sophomore<br \/>\n<\/span><span style=\"font-weight: 400\"><strong>Majors<\/strong>: Diplomacy and International Relations; Philosophy<br \/>\n<\/span><span style=\"font-weight: 400\"><strong>Minors<\/strong>: Arabic<br \/>\n<\/span><span style=\"font-weight: 400\"><strong>Clubs\/Orgs<\/strong>: Active Minds (Secretary), Slavic Club, Roteract, and Love Your Melon<br \/>\n<strong>Study Abroad Programs<\/strong><\/span><span style=\"font-weight: 400\">: Servant Leadership Experience to Ireland Summer 2019 and Foundations of Christian Culture Study Abroad to Italy Spring 2020<br \/>\n<strong>Internships<\/strong><\/span><span style=\"font-weight: 400\">: Middlesex County Democratic Organization (Summer 2019)<br \/>\n<strong>Other Information<\/strong><\/span><span style=\"font-weight: 400\">: Part of the 3+3 BS\/JD Program and Honors Program<\/span><\/p>\n<p>&nbsp;<\/p>\n<p><span style=\"font-weight: 400\"><strong>Full Name<\/strong>: Amaris Roberts<\/span><\/p>\n<p><span style=\"font-weight: 400\"><strong>Year<\/strong>: Sophomore<\/span><\/p>\n<p><span style=\"font-weight: 400\"><strong>Majors<\/strong>: Diplomacy and International Relations; Modern Languages (French and Arabic)<br \/>\n<\/span><span style=\"font-weight: 400\"><strong>Clubs\/Orgs<\/strong>: National Council of Negro Women Inc. (Treasurer), African Student Association, Black Student Union, Muslim Student Association<br \/>\n<strong>Study Abroad Programs<\/strong><\/span><span style=\"font-weight: 400\">: Morocco (Fall 2020)<br \/>\n<strong>Home State \/ Country<\/strong><\/span><span style=\"font-weight: 400\">: Out-of-State Student (Pennsylvania)<br \/>\n<strong>Other Information<\/strong><\/span><span style=\"font-weight: 400\">: Competitive Archer and Certified USA Archery Coach<\/span><\/p>\n<p>&nbsp;<\/p>\n<p><span style=\"font-weight: 400\"><strong>Full Name<\/strong>: Kaitlyn Doyle<\/span><\/p>\n<p><span style=\"font-weight: 400\"><strong>Year<\/strong>: Sophomore<\/span><\/p>\n<p><span style=\"font-weight: 400\"><strong>Majors<\/strong>: Diplomacy and International Relations; Modern Languages (Spanish and Arabic)<br \/>\n<\/span><span style=\"font-weight: 400\"><strong>Minors<\/strong>: (Possibly) Middle Eastern Studies<br \/>\n<strong>Clubs\/Orgs<\/strong><\/span><span style=\"font-weight: 400\">: Alpha Omicron Pi, Peer Adviser program, The Global Current<br \/>\n<\/span><span style=\"font-weight: 400\"><strong>Home State \/ Country<\/strong>: New Jersey<br \/>\n<strong>Other Information<\/strong><\/span><span style=\"font-weight: 400\">: Interested in Law School and National Security<\/span><\/p>\n<p>&nbsp;<\/p>\n<p><strong>Freshmen Ambassadors<\/strong><\/p>\n<p>&nbsp;<\/p>\n<p><span style=\"font-weight: 400\"><strong>Full Name<\/strong>: Bennett H. Davies<\/span><\/p>\n<p><span style=\"font-weight: 400\"><strong>Year<\/strong>: Freshman<br \/>\n<\/span><span style=\"font-weight: 400\"><strong>Majors<\/strong>: International Relations, Russian &amp; Eastern European Studies<br \/>\n<strong>Clubs\/Orgs<\/strong><\/span><span style=\"font-weight: 400\">: Slavic Club, Student Government Association, University Choir, Gentlemen of the Hall, DULCE<br \/>\n<strong>Internships<\/strong><\/span><span style=\"font-weight: 400\">: Beto O&#8217;Rourke for Senate (Worker)<br \/>\n<strong>Home State \/ Country<\/strong><\/span><span style=\"font-weight: 400\">: Out-of-State Student (Houston, Texas)<br \/>\n<strong>Other Information<\/strong><\/span><span style=\"font-weight: 400\">: Eagle Scout\u00a0<\/span><\/p>\n<p>&nbsp;<\/p>\n<p><span style=\"font-weight: 400\"><strong>Full Name<\/strong>: Darren Mattos<\/span><\/p>\n<p><span style=\"font-weight: 400\"><strong>Year<\/strong>: Freshman<br \/>\n<\/span><span style=\"font-weight: 400\"><strong>Majors<\/strong>: Diplomacy and International Relations<br \/>\n<strong>Minors<\/strong><\/span><span style=\"font-weight: 400\">: Arabic<br \/>\n<strong>Clubs\/Orgs<\/strong><\/span><span style=\"font-weight: 400\">: UNA-SHU (Asst. Projects Manager), Financial Planning Association (Treasurer), Strategic Communications (Writer), The Global Current (Analyst; Anchor), The Diplomatic Envoy(Writer), The Stillman Exchange (Writer), Buccino Leadership Podcast Initiative(Host), International Law Society<br \/>\n<strong>Home State \/ Country<\/strong><\/span><span style=\"font-weight: 400\">: New Jersey<br \/>\n<strong>Other Information<\/strong><\/span><span style=\"font-weight: 400\">: Eagle Scout; Vigil Honor Recipient<\/span><\/p>\n<p>&nbsp;<\/p>\n<p><span style=\"font-weight: 400\"><strong>Full Name<\/strong>: James Cummins<\/span><\/p>\n<p><span style=\"font-weight: 400\"><strong>Year<\/strong>: Freshman<br \/>\n<\/span><span style=\"font-weight: 400\"><strong>Majors<\/strong>: Diplomacy &amp; International Relations; Criminal Justice<br \/>\n<strong>Minors<\/strong><\/span><span style=\"font-weight: 400\">: (Possibly) French<br \/>\n<strong>Clubs\/Orgs<\/strong><\/span><span style=\"font-weight: 400\">: Habitat for Humanity, Army ROTC (and various clubs within ROTC), Diplo Student Ambassadors, Honors Program<br \/>\n<strong>Home State \/ Country<\/strong><\/span><span style=\"font-weight: 400\">: Bridgewater, New Jersey<br \/>\n<strong>Other information<\/strong><\/span><span style=\"font-weight: 400\">: Interested in Federal Law Enforcement<\/span><\/p>\n<p>&nbsp;<\/p>\n<p><span style=\"font-weight: 400\"><strong>Full Name<\/strong>: Chase Cohen\u00a0<\/span><\/p>\n<p><span style=\"font-weight: 400\"><strong>Year<\/strong>: Freshman<br \/>\n<\/span><span style=\"font-weight: 400\"><strong>Majors<\/strong>: Diplomacy and International Relations; (Possibly) Economics<br \/>\n<strong>Clubs\/Orgs<\/strong><\/span><span style=\"font-weight: 400\">: Honors, Student Government, Kappa Kappa Gamma, Period Movement, Dulce, Women of Diplomacy<br \/>\n<strong>Home State \/ Country<\/strong><\/span><span style=\"font-weight: 400\">: Out-of-State Student (Staten Island, New York)<br \/>\n<strong>Other Information<\/strong><\/span><span style=\"font-weight: 400\">: Studying Arabic; Interested in Law School; Delegate at the 63rd Commission on the Status of Women\u00a0<\/span><\/p>\n<p>&nbsp;<\/p>\n<p><span style=\"font-weight: 400\"><strong>Full Name<\/strong>: Julia Laizo Clapis Nazario do Amaral<\/span><\/p>\n<p><span style=\"font-weight: 400\"><strong>Year<\/strong>: Freshman<br \/>\n<\/span><span style=\"font-weight: 400\"><strong>Majors<\/strong>: Diplomacy and International Relations and Economics<br \/>\n<strong>Minors<\/strong><\/span><span style=\"font-weight: 400\">: French<br \/>\n<strong>Clubs\/Orgs<\/strong><\/span><span style=\"font-weight: 400\">: Women in Diplomacy Leadership Program, Chair of Student Life Committee for Student Activities Board, Diplomatic Envoy staff writer, Adelante<br \/>\n<strong>Study Abroad Programs<\/strong><\/span><span style=\"font-weight: 400\">: Technically Already Studying Abroad<br \/>\n<strong>Home State \/ Country<\/strong><\/span><span style=\"font-weight: 400\">:\u00a0 International Student (S\u00e3o Paulo, Brazil)<\/span><\/p>\n<p>&nbsp;<\/p>\n<p><span style=\"font-weight: 400\"><strong>Full Name<\/strong>: Amanda Taylor Gutierrez<\/span><\/p>\n<p><span style=\"font-weight: 400\"><strong>Year<\/strong>: Freshman<br \/>\n<\/span><span style=\"font-weight: 400\"><strong>Majors<\/strong>: Diplomacy and International Relations<br \/>\n<strong>Clubs\/Orgs<\/strong><\/span><span style=\"font-weight: 400\">: SHUNA, UM Center, DULCE, Adalante, Unidos Bailamos<br \/>\n<strong>Home State \/ Country<\/strong><\/span><span style=\"font-weight: 400\">: Out-of-State Student (Long Beach, California)<\/span><\/p>\n<p>&nbsp;<\/p>\n<p><span style=\"font-weight: 400\"><strong>Full Name<\/strong>: Allison Wrubel\u00a0<\/span><\/p>\n<p><span style=\"font-weight: 400\"><strong>Year<\/strong>: Freshman<br \/>\n<strong>Majors<\/strong><\/span><span style=\"font-weight: 400\">: Modern Languages (Spanish), Diplomacy and International Relations<\/span><br \/>\n<span style=\"font-weight: 400\"><strong>Minors<\/strong>: Russian<br \/>\n<\/span><span style=\"font-weight: 400\"><strong>Clubs\/Orgs<\/strong>: SHUNA, SHUMUN, UNA SHU (E-Board: Social Media and PR Manager), Slavic Club (E-Board: Hospitality Manager), Women in Diplomacy Leadership Program<br \/>\n<strong>Home State \/ Country<\/strong><\/span><span style=\"font-weight: 400\">:\u00a0 Howell, New Jersey <\/span><\/p>\n","protected":false},"excerpt":{"rendered":"<p>The Student Ambassador Resource is an initiative to foster increased connectivity, collaboration, and mentorship between diplomacy students, prospective students, and student ambassadors. Diplomacy Students are encouraged to use this resource to connect with the ambassadors who share their interests and career goals in order to learn more about their experiences. This collaboration encourages a welcoming&#8230; <span class=\"continue-reading\"><a href=\"https:\/\/blogs.shu.edu\/dulce\/campus-liaisons\/\">Continue Reading &raquo;<\/a><\/span><\/p>\n","protected":false},"author":4562,"featured_media":0,"parent":0,"menu_order":0,"comment_status":"closed","ping_status":"closed","template":"","meta":{"_monsterinsights_skip_tracking":false,"_monsterinsights_sitenote_active":false,"_monsterinsights_sitenote_note":"","_monsterinsights_sitenote_category":0,"footnotes":""},"class_list":["post-140","page","type-page","status-publish","hentry"],"_links":{"self":[{"href":"https:\/\/blogs.shu.edu\/dulce\/wp-json\/wp\/v2\/pages\/140","targetHints":{"allow":["GET"]}}],"collection":[{"href":"https:\/\/blogs.shu.edu\/dulce\/wp-json\/wp\/v2\/pages"}],"about":[{"href":"https:\/\/blogs.shu.edu\/dulce\/wp-json\/wp\/v2\/types\/page"}],"author":[{"embeddable":true,"href":"https:\/\/blogs.shu.edu\/dulce\/wp-json\/wp\/v2\/users\/4562"}],"replies":[{"embeddable":true,"href":"https:\/\/blogs.shu.edu\/dulce\/wp-json\/wp\/v2\/comments?post=140"}],"version-history":[{"count":5,"href":"https:\/\/blogs.shu.edu\/dulce\/wp-json\/wp\/v2\/pages\/140\/revisions"}],"predecessor-version":[{"id":199,"href":"https:\/\/blogs.shu.edu\/dulce\/wp-json\/wp\/v2\/pages\/140\/revisions\/199"}],"wp:attachment":[{"href":"https:\/\/blogs.shu.edu\/dulce\/wp-json\/wp\/v2\/media?parent=140"}],"curies":[{"name":"wp","href":"https:\/\/api.w.org\/{rel}","templated":true}]}}